{"id":55,"date":"2020-08-17T22:12:21","date_gmt":"2020-08-17T22:12:21","guid":{"rendered":"http:\/\/insunetbroker.com.ar\/?page_id=55"},"modified":"2020-10-22T20:59:45","modified_gmt":"2020-10-22T20:59:45","slug":"seguro-de-autos","status":"publish","type":"page","link":"https:\/\/insunetbroker.com.ar\/index.php\/seguro-de-autos\/","title":{"rendered":"Seguro de Autos"},"content":{"rendered":"\t\t<div data-elementor-type=\"wp-page\" data-elementor-id=\"55\" class=\"elementor elementor-55\">\n\t\t\t\t\t\t<div class=\"elementor-inner\">\n\t\t\t\t<div class=\"elementor-section-wrap\">\n\t\t\t\t\t\t\t\t\t<section class=\"elementor-section elementor-top-section elementor-element elementor-element-5ea3c54 elementor-section-boxed elementor-section-height-default elementor-section-height-default\" data-id=\"5ea3c54\" data-element_type=\"section\">\n\t\t\t\t\t\t<div class=\"elementor-container elementor-column-gap-default\">\n\t\t\t\t\t\t\t<div class=\"elementor-row\">\n\t\t\t\t\t<div class=\"elementor-column elementor-col-100 elementor-top-column elementor-element elementor-element-f58aebd\" data-id=\"f58aebd\" data-element_type=\"column\">\n\t\t\t<div class=\"elementor-column-wrap elementor-element-populated\">\n\t\t\t\t\t\t\t<div class=\"elementor-widget-wrap\">\n\t\t\t\t\t\t<div class=\"elementor-element elementor-element-621dcf2 elementor-view-default elementor-widget elementor-widget-icon\" data-id=\"621dcf2\" data-element_type=\"widget\" data-widget_type=\"icon.default\">\n\t\t\t\t<div class=\"elementor-widget-container\">\n\t\t\t\t\t<div class=\"elementor-icon-wrapper\">\n\t\t\t<div class=\"elementor-icon\">\n\t\t\t<i aria-hidden=\"true\" class=\"fas fa-car\"><\/i>\t\t\t<\/div>\n\t\t<\/div>\n\t\t\t\t<\/div>\n\t\t\t\t<\/div>\n\t\t\t\t\t\t<\/div>\n\t\t\t\t\t<\/div>\n\t\t<\/div>\n\t\t\t\t\t\t\t\t<\/div>\n\t\t\t\t\t<\/div>\n\t\t<\/section>\n\t\t\t\t<section class=\"elementor-section elementor-top-section elementor-element elementor-element-19464fe elementor-section-boxed elementor-section-height-default elementor-section-height-default\" data-id=\"19464fe\" data-element_type=\"section\">\n\t\t\t\t\t\t<div class=\"elementor-container elementor-column-gap-default\">\n\t\t\t\t\t\t\t<div class=\"elementor-row\">\n\t\t\t\t\t<div class=\"elementor-column elementor-col-33 elementor-top-column elementor-element elementor-element-823ea19\" data-id=\"823ea19\" data-element_type=\"column\">\n\t\t\t<div class=\"elementor-column-wrap elementor-element-populated\">\n\t\t\t\t\t\t\t<div class=\"elementor-widget-wrap\">\n\t\t\t\t\t\t<div class=\"elementor-element elementor-element-1bb5e7f elementor-widget elementor-widget-image\" data-id=\"1bb5e7f\" data-element_type=\"widget\" data-widget_type=\"image.default\">\n\t\t\t\t<div class=\"elementor-widget-container\">\n\t\t\t\t\t\t\t\t<div class=\"elementor-image\">\n\t\t\t\t\t\t\t\t\t\t\t\t<img width=\"470\" height=\"470\" src=\"https:\/\/insunetbroker.com.ar\/wp-content\/uploads\/2020\/08\/SEGURO-AUTOS-1.png\" class=\"attachment-large size-large\" alt=\"\" loading=\"lazy\" srcset=\"https:\/\/insunetbroker.com.ar\/wp-content\/uploads\/2020\/08\/SEGURO-AUTOS-1.png 470w, https:\/\/insunetbroker.com.ar\/wp-content\/uploads\/2020\/08\/SEGURO-AUTOS-1-300x300.png 300w, https:\/\/insunetbroker.com.ar\/wp-content\/uploads\/2020\/08\/SEGURO-AUTOS-1-150x150.png 150w\" sizes=\"(max-width: 470px) 100vw, 470px\" \/>\t\t\t\t\t\t\t\t\t\t\t\t\t\t<\/div>\n\t\t\t\t\t\t<\/div>\n\t\t\t\t<\/div>\n\t\t\t\t\t\t<\/div>\n\t\t\t\t\t<\/div>\n\t\t<\/div>\n\t\t\t\t<div class=\"elementor-column elementor-col-66 elementor-top-column elementor-element elementor-element-03dd473\" data-id=\"03dd473\" data-element_type=\"column\">\n\t\t\t<div class=\"elementor-column-wrap elementor-element-populated\">\n\t\t\t\t\t\t\t<div class=\"elementor-widget-wrap\">\n\t\t\t\t\t\t<div class=\"elementor-element elementor-element-c009cbe elementor-widget elementor-widget-text-editor\" data-id=\"c009cbe\" data-element_type=\"widget\" data-widget_type=\"text-editor.default\">\n\t\t\t\t<div class=\"elementor-widget-container\">\n\t\t\t\t\t\t\t\t<div class=\"elementor-text-editor elementor-clearfix\">\n\t\t\t\t<p><strong>SEGURO DE AUTO\u00a0<\/strong><\/p><p>En cualquiera de tus veh\u00edculos tu seguro est\u00e1, para cuidarte a vos, a tu familia, y a terceros.<br \/>Para viajar, pasear o trabajar, eleg\u00ed estar tranquilo en todo momento.<\/p><ul><li>RESPONSABILIDAD CIVIL<\/li><li>GARAGE<\/li><li>DA\u00d1OS A TERCEROS B\u00c1SICO<\/li><li>DA\u00d1OS A TERCEROS PREMIUM<\/li><li>TODO RIESGO CON DEDUCIBLE<\/li><\/ul>\t\t\t\t\t<\/div>\n\t\t\t\t\t\t<\/div>\n\t\t\t\t<\/div>\n\t\t\t\t<div class=\"elementor-element elementor-element-650128b elementor-button-danger elementor-align-center elementor-widget elementor-widget-button\" data-id=\"650128b\" data-element_type=\"widget\" data-widget_type=\"button.default\">\n\t\t\t\t<div class=\"elementor-widget-container\">\n\t\t\t\t\t<div class=\"elementor-button-wrapper\">\n\t\t\t<a href=\"https:\/\/insunetbroker.com.ar\/index.php\/cotizaciones\" class=\"elementor-button-link elementor-button elementor-size-lg\" role=\"button\">\n\t\t\t\t\t\t<span class=\"elementor-button-content-wrapper\">\n\t\t\t\t\t\t<span class=\"elementor-button-text\">Cotiz\u00e1<\/span>\n\t\t<\/span>\n\t\t\t\t\t<\/a>\n\t\t<\/div>\n\t\t\t\t<\/div>\n\t\t\t\t<\/div>\n\t\t\t\t\t\t<\/div>\n\t\t\t\t\t<\/div>\n\t\t<\/div>\n\t\t\t\t\t\t\t\t<\/div>\n\t\t\t\t\t<\/div>\n\t\t<\/section>\n\t\t\t\t<section class=\"elementor-section elementor-top-section elementor-element elementor-element-acf78e1 elementor-section-boxed elementor-section-height-default elementor-section-height-default\" data-id=\"acf78e1\" data-element_type=\"section\">\n\t\t\t\t\t\t<div class=\"elementor-container elementor-column-gap-default\">\n\t\t\t\t\t\t\t<div class=\"elementor-row\">\n\t\t\t\t\t<div class=\"elementor-column elementor-col-100 elementor-top-column elementor-element elementor-element-30d9853\" data-id=\"30d9853\" data-element_type=\"column\">\n\t\t\t<div class=\"elementor-column-wrap\">\n\t\t\t\t\t\t\t<div class=\"elementor-widget-wrap\">\n\t\t\t\t\t\t\t\t<\/div>\n\t\t\t\t\t<\/div>\n\t\t<\/div>\n\t\t\t\t\t\t\t\t<\/div>\n\t\t\t\t\t<\/div>\n\t\t<\/section>\n\t\t\t\t\t\t\t\t\t<\/div>\n\t\t\t<\/div>\n\t\t\t\t\t<\/div>\n\t\t","protected":false},"excerpt":{"rendered":"<p>SEGURO DE AUTO\u00a0 En cualquiera de tus veh\u00edculos tu seguro est\u00e1, para cuidarte a vos, a tu familia, y a terceros.Para viajar, pasear o trabajar, eleg\u00ed estar tranquilo en todo momento. RESPONSABILIDAD CIVIL GARAGE DA\u00d1OS A TERCEROS B\u00c1SICO DA\u00d1OS A TERCEROS PREMIUM TODO RIESGO CON DEDUCIBLE Cotiz\u00e1<\/p>\n","protected":false},"author":1,"featured_media":0,"parent":0,"menu_order":0,"comment_status":"closed","ping_status":"closed","template":"page-templates\/template-pagebuilder-full-width.php","meta":[],"yoast_head":"<!-- This site is optimized with the Yoast SEO plugin v14.8.1 - https:\/\/yoast.com\/wordpress\/plugins\/seo\/ -->\n<title>Seguro de Autos - INSUnet Broker<\/title>\n<meta name=\"robots\" content=\"index, follow\" \/>\n<meta name=\"googlebot\" content=\"index, follow, max-snippet:-1, max-image-preview:large, max-video-preview:-1\" \/>\n<meta name=\"bingbot\" content=\"index, follow, max-snippet:-1, max-image-preview:large, max-video-preview:-1\" \/>\n<link rel=\"canonical\" href=\"https:\/\/insunetbroker.com.ar\/index.php\/seguro-de-autos\/\" \/>\n<meta property=\"og:locale\" content=\"es_ES\" \/>\n<meta property=\"og:type\" content=\"article\" \/>\n<meta property=\"og:title\" content=\"Seguro de Autos - INSUnet Broker\" \/>\n<meta property=\"og:description\" content=\"SEGURO DE AUTO\u00a0 En cualquiera de tus veh\u00edculos tu seguro est\u00e1, para cuidarte a vos, a tu familia, y a terceros.Para viajar, pasear o trabajar, eleg\u00ed estar tranquilo en todo momento. RESPONSABILIDAD CIVIL GARAGE DA\u00d1OS A TERCEROS B\u00c1SICO DA\u00d1OS A TERCEROS PREMIUM TODO RIESGO CON DEDUCIBLE Cotiz\u00e1\" \/>\n<meta property=\"og:url\" content=\"https:\/\/insunetbroker.com.ar\/index.php\/seguro-de-autos\/\" \/>\n<meta property=\"og:site_name\" content=\"INSUnet Broker\" \/>\n<meta property=\"article:modified_time\" content=\"2020-10-22T20:59:45+00:00\" \/>\n<meta property=\"og:image\" content=\"https:\/\/insunetbroker.com.ar\/wp-content\/uploads\/2020\/08\/SEGURO-AUTOS-1.png\" \/>\n<meta name=\"twitter:card\" content=\"summary_large_image\" \/>\n<script type=\"application\/ld+json\" class=\"yoast-schema-graph\">{\"@context\":\"https:\/\/schema.org\",\"@graph\":[{\"@type\":\"Organization\",\"@id\":\"https:\/\/insunetbroker.com.ar\/#organization\",\"name\":\"Insunet Broker\",\"url\":\"https:\/\/insunetbroker.com.ar\/\",\"sameAs\":[],\"logo\":{\"@type\":\"ImageObject\",\"@id\":\"https:\/\/insunetbroker.com.ar\/#logo\",\"inLanguage\":\"es\",\"url\":\"https:\/\/insunetbroker.com.ar\/wp-content\/uploads\/2020\/08\/LOGOWEB.png\",\"width\":380,\"height\":204,\"caption\":\"Insunet Broker\"},\"image\":{\"@id\":\"https:\/\/insunetbroker.com.ar\/#logo\"}},{\"@type\":\"WebSite\",\"@id\":\"https:\/\/insunetbroker.com.ar\/#website\",\"url\":\"https:\/\/insunetbroker.com.ar\/\",\"name\":\"INSUnet Broker\",\"description\":\"Broker de Seguros\",\"publisher\":{\"@id\":\"https:\/\/insunetbroker.com.ar\/#organization\"},\"potentialAction\":[{\"@type\":\"SearchAction\",\"target\":\"https:\/\/insunetbroker.com.ar\/?s={search_term_string}\",\"query-input\":\"required name=search_term_string\"}],\"inLanguage\":\"es\"},{\"@type\":\"ImageObject\",\"@id\":\"https:\/\/insunetbroker.com.ar\/index.php\/seguro-de-autos\/#primaryimage\",\"inLanguage\":\"es\",\"url\":\"https:\/\/insunetbroker.com.ar\/wp-content\/uploads\/2020\/08\/SEGURO-AUTOS-1.png\",\"width\":470,\"height\":470},{\"@type\":\"WebPage\",\"@id\":\"https:\/\/insunetbroker.com.ar\/index.php\/seguro-de-autos\/#webpage\",\"url\":\"https:\/\/insunetbroker.com.ar\/index.php\/seguro-de-autos\/\",\"name\":\"Seguro de Autos - INSUnet Broker\",\"isPartOf\":{\"@id\":\"https:\/\/insunetbroker.com.ar\/#website\"},\"primaryImageOfPage\":{\"@id\":\"https:\/\/insunetbroker.com.ar\/index.php\/seguro-de-autos\/#primaryimage\"},\"datePublished\":\"2020-08-17T22:12:21+00:00\",\"dateModified\":\"2020-10-22T20:59:45+00:00\",\"inLanguage\":\"es\",\"potentialAction\":[{\"@type\":\"ReadAction\",\"target\":[\"https:\/\/insunetbroker.com.ar\/index.php\/seguro-de-autos\/\"]}]}]}<\/script>\n<!-- \/ Yoast SEO plugin. -->","_links":{"self":[{"href":"https:\/\/insunetbroker.com.ar\/index.php\/wp-json\/wp\/v2\/pages\/55"}],"collection":[{"href":"https:\/\/insunetbroker.com.ar\/index.php\/wp-json\/wp\/v2\/pages"}],"about":[{"href":"https:\/\/insunetbroker.com.ar\/index.php\/wp-json\/wp\/v2\/types\/page"}],"author":[{"embeddable":true,"href":"https:\/\/insunetbroker.com.ar\/index.php\/wp-json\/wp\/v2\/users\/1"}],"replies":[{"embeddable":true,"href":"https:\/\/insunetbroker.com.ar\/index.php\/wp-json\/wp\/v2\/comments?post=55"}],"version-history":[{"count":28,"href":"https:\/\/insunetbroker.com.ar\/index.php\/wp-json\/wp\/v2\/pages\/55\/revisions"}],"predecessor-version":[{"id":440,"href":"https:\/\/insunetbroker.com.ar\/index.php\/wp-json\/wp\/v2\/pages\/55\/revisions\/440"}],"wp:attachment":[{"href":"https:\/\/insunetbroker.com.ar\/index.php\/wp-json\/wp\/v2\/media?parent=55"}],"curies":[{"name":"wp","href":"https:\/\/api.w.org\/{rel}","templated":true}]}}